{"id":464,"date":"2021-11-12T21:21:32","date_gmt":"2021-11-12T20:21:32","guid":{"rendered":"http:\/\/professeurgibaud.ovh\/?page_id=464"},"modified":"2021-11-12T21:24:29","modified_gmt":"2021-11-12T20:24:29","slug":"la-recherche","status":"publish","type":"page","link":"https:\/\/professeurgibaud.ovh\/index.php\/votre-prof\/la-recherche\/","title":{"rendered":"La Recherche"},"content":{"rendered":"\n<p><\/p>\n\n\n\n<p><\/p>\n\n\n\n<p>En attendant de pr\u00e9parer le texte de cette page, je vous laisse avec un projet de recherche que j&rsquo;avais \u00e9crit \u00e0 l&rsquo;\u00e9poque.<\/p>\n\n\n\n<p>Since the beginning of my Mathematical research journey, I have been interested in applying<br>Mathematics to human society. As a consequence, the topic of my probability thesis : Particles<br>systems with game interactions. I work on evolutionary game theory with the main goal of<br>drawing population behavior. Thus I have learned to use :<br>\u2014 Modelization of complex individuals system with games,<br>\u2014 Stochastic processes (Infinitesimal generators, Martingales problems,\u2026) and Individual<br>systems (Empirical measure, Generators depending on a measure,\u2026),<br>\u2014 homogenization techniques allowing to deal with systems when the speed of the signal is<br>far bigger than the speed of evolution,<br>\u2014 propagation of chaos techniques allowing to deal with systems of low correlated individuals.<br>\u2014 non linear Markov processes analysis (using coupling techniques). These tools (Mean field<br>models) are particularly useful to modelize a typical individual in an infinite low correlated<br>population.<br>\u2014 Netlogo (simulation software designed to simulate multi agent systems) and scilab (useful<br>to analyze data)<br>All the aforementioned tools can be applied to evolutionary game theory as well as to social<br>learning in networks. Social networks are complex individual systems. Since there is a lot of<br>randomness in individuals, putting a stochastic individual system on it can be a (good) idea<br>of modelization. If we add learning on this system, a common assumption is that the information<br>travels far quicker than the decision process. We necessitate homogenization techniques to<br>describe properly this decision process. Furthermore since in real life persuasion is not 100 % effective,<br>there is small correlation in the population. Hence the model converges using propagation<br>of chaos techniques to a mean field model. Given that Mean field models are Non linear Markov<br>process, and given that I learned during my PhD how to study these kinds of models, I would<br>be able to apply them to Social Network as well.<br>Furthermore, since my main interest in Science is Mathematics applied to human society, I<br>have been very open to any of this kind of mathematics and as a result I have studied :<br>\u2014 Voting systems in networks with Ayaldi Ganesh (Bristol University) in LAAS,<br>\u2014 Working group on machine learning,<br>\u2014 Random graphs and large deviation on random graphs with Sourav Chaterjee (Standford<br>University) in Saint Flour course 2015,<br>\u2014 Statistics in high dimension as a Master course and also with Sara Van de Geer (ETH<br>Zurich) in Saint Flour course 2015,<br>\u2014 Workshop on Congestion Games in Singapore<br>\u2014 Random matrices with Paul Bourgade (New York University) in Saint Flour course 2016.<br><\/p>\n","protected":false},"excerpt":{"rendered":"<p>En attendant de pr\u00e9parer le texte de cette page, je vous laisse avec un projet de recherche que j&rsquo;avais \u00e9crit \u00e0 l&rsquo;\u00e9poque. Since the beginning of my Mathematical research journey,&#8230; <a class=\"read-more\" href=\"https:\/\/professeurgibaud.ovh\/index.php\/votre-prof\/la-recherche\/\">[Continuer la lecture]<\/a><\/p>\n","protected":false},"author":1,"featured_media":0,"parent":329,"menu_order":2,"comment_status":"closed","ping_status":"closed","template":"","meta":{"footnotes":""},"_links":{"self":[{"href":"https:\/\/professeurgibaud.ovh\/index.php\/wp-json\/wp\/v2\/pages\/464"}],"collection":[{"href":"https:\/\/professeurgibaud.ovh\/index.php\/wp-json\/wp\/v2\/pages"}],"about":[{"href":"https:\/\/professeurgibaud.ovh\/index.php\/wp-json\/wp\/v2\/types\/page"}],"author":[{"embeddable":true,"href":"https:\/\/professeurgibaud.ovh\/index.php\/wp-json\/wp\/v2\/users\/1"}],"replies":[{"embeddable":true,"href":"https:\/\/professeurgibaud.ovh\/index.php\/wp-json\/wp\/v2\/comments?post=464"}],"version-history":[{"count":5,"href":"https:\/\/professeurgibaud.ovh\/index.php\/wp-json\/wp\/v2\/pages\/464\/revisions"}],"predecessor-version":[{"id":469,"href":"https:\/\/professeurgibaud.ovh\/index.php\/wp-json\/wp\/v2\/pages\/464\/revisions\/469"}],"up":[{"embeddable":true,"href":"https:\/\/professeurgibaud.ovh\/index.php\/wp-json\/wp\/v2\/pages\/329"}],"wp:attachment":[{"href":"https:\/\/professeurgibaud.ovh\/index.php\/wp-json\/wp\/v2\/media?parent=464"}],"curies":[{"name":"wp","href":"https:\/\/api.w.org\/{rel}","templated":true}]}}