{"id":37,"date":"2018-08-29T10:10:46","date_gmt":"2018-08-29T08:10:46","guid":{"rendered":"http:\/\/professeurgibaud.ovh\/?page_id=37"},"modified":"2020-12-24T13:17:39","modified_gmt":"2020-12-24T12:17:39","slug":"accueil","status":"publish","type":"page","link":"https:\/\/professeurgibaud.ovh\/","title":{"rendered":"Accueil"},"content":{"rendered":"<p>Bonjour,<\/p>\n<p>&nbsp;<\/p>\n<p>Vous \u00eates sur le site de Sylvain Gibaud. Si vous \u00eates ici c&rsquo;est que vous \u00eates soit :<\/p>\n<ul>\n<li>un de mes \u00e9l\u00e8ves (probable)<\/li>\n<li>un de mes anciens \u00e9l\u00e8ves (moins probable)<\/li>\n<li>que vous vous \u00eates perdu (quasiment pas probable)<\/li>\n<\/ul>\n<p>Vous trouverez sur ce site le cahier de textes, des exercices, des devoirs d&rsquo;entrainement, et des anciens exercices.<\/p>\n","protected":false},"excerpt":{"rendered":"<p>Bonjour, &nbsp; Vous \u00eates sur le site de Sylvain Gibaud. Si vous \u00eates ici c&rsquo;est que vous \u00eates soit : un de mes \u00e9l\u00e8ves (probable) un de mes anciens \u00e9l\u00e8ves&#8230; <a class=\"read-more\" href=\"https:\/\/professeurgibaud.ovh\/\">[Continuer la lecture]<\/a><\/p>\n","protected":false},"author":1,"featured_media":0,"parent":0,"menu_order":1,"comment_status":"closed","ping_status":"closed","template":"","meta":{"footnotes":""},"_links":{"self":[{"href":"https:\/\/professeurgibaud.ovh\/index.php\/wp-json\/wp\/v2\/pages\/37"}],"collection":[{"href":"https:\/\/professeurgibaud.ovh\/index.php\/wp-json\/wp\/v2\/pages"}],"about":[{"href":"https:\/\/professeurgibaud.ovh\/index.php\/wp-json\/wp\/v2\/types\/page"}],"author":[{"embeddable":true,"href":"https:\/\/professeurgibaud.ovh\/index.php\/wp-json\/wp\/v2\/users\/1"}],"replies":[{"embeddable":true,"href":"https:\/\/professeurgibaud.ovh\/index.php\/wp-json\/wp\/v2\/comments?post=37"}],"version-history":[{"count":2,"href":"https:\/\/professeurgibaud.ovh\/index.php\/wp-json\/wp\/v2\/pages\/37\/revisions"}],"predecessor-version":[{"id":398,"href":"https:\/\/professeurgibaud.ovh\/index.php\/wp-json\/wp\/v2\/pages\/37\/revisions\/398"}],"wp:attachment":[{"href":"https:\/\/professeurgibaud.ovh\/index.php\/wp-json\/wp\/v2\/media?parent=37"}],"curies":[{"name":"wp","href":"https:\/\/api.w.org\/{rel}","templated":true}]}}