{"id":329,"date":"2020-12-24T13:13:34","date_gmt":"2020-12-24T12:13:34","guid":{"rendered":"http:\/\/professeurgibaud.ovh\/?page_id=329"},"modified":"2021-11-12T21:20:18","modified_gmt":"2021-11-12T20:20:18","slug":"votre-prof","status":"publish","type":"page","link":"https:\/\/professeurgibaud.ovh\/index.php\/votre-prof\/","title":{"rendered":"Votre Prof"},"content":{"rendered":"\n<h2 class=\"wp-block-heading\">Un prof \u00e7a a fait quoi comme \u00e9tude ?<\/h2>\n\n\n\n<p>(2008) BAC S Sp\u00e9cialit\u00e9 Math\u00e9matiques : Mention Bien (Europ\u00e9enne Espagnol)<br>               &#8211; Math : 14<br>               &#8211; Physique : 18<br>               &#8211; SVT : 14<br>               &#8211; Philosophie : 7<br>               &#8211; Histoire G\u00e9ographie : 9<br>               &#8211; Fran\u00e7ais : Ecrit 7, Oral 14<br>               &#8211; LV1 Espagnol : 15<br>               &#8211; LV2 Anglais : 10<br>               &#8211; Sport : 18<br>               &#8211; DNL : 17<br>               &#8211; Option Sport (Natation) : 15<\/p>\n\n\n\n<p>          <\/p>\n\n\n\n<p>(2008-2010) Classe Pr\u00e9paratoire : MPSI\/MP au lyc\u00e9e Bellevue (Toulouse)<\/p>\n\n\n\n<p>(2010-2012) Licence 3\/Master 1 de Math\u00e9matiques Fondamentales et Appliqu\u00e9es (Universit\u00e9 Paul Sabatier Toulouse)<\/p>\n\n\n\n<p>(2013) Master 2 Professionnel : Pr\u00e9paration \u00e0 l&rsquo;agr\u00e9gation de Math\u00e9matiques  (Universit\u00e9 Paul Sabatier Toulouse) <\/p>\n\n\n\n<p>(2013) Admission \u00e0 l&rsquo;agr\u00e9gation de Math\u00e9matiques<\/p>\n\n\n\n<p>(2014) Master 2 Recherche : Math\u00e9matiques appliqu\u00e9es : Probabilit\u00e9s et Statistiques  (Universit\u00e9 Paul Sabatier Toulouse) <\/p>\n\n\n\n<p>(2014-2017) Doctorat en Math\u00e9matiques Appliqu\u00e9es : <em>Evolution Markovienne de Syst\u00e8me Multi-Agents accumulant leur gains.<\/em> (Institut de Math\u00e9matiques de Toulouse)<\/p>\n\n\n\n<p> <\/p>\n\n\n\n<h2 class=\"wp-block-heading\">Un Prof \u00e7a enseigne non ?<\/h2>\n\n\n\n<p>(2017 &#8211; ) Enseignement des math\u00e9matiques et de l&rsquo;informatique (NSI) au lyc\u00e9e Newton<\/p>\n\n\n\n<ul><li>2017-2018 : Seconde, Terminale S, Sp\u00e9cialit\u00e9 Math\u00e9matiques en Terminale S, Pr\u00e9pa Concours IEP<\/li><li>2018-2019 : Seconde, Premi\u00e8re S, Terminale ES, Club de Code<\/li><li>2019-2020 : Terminale S, Terminale STI, Sp\u00e9cialit\u00e9 Math\u00e9matiques en Terminale S, Premi\u00e8re NSI, Seconde SNT<\/li><li>2020-2021 : Premi\u00e8re Sp\u00e9cialit\u00e9 Math\u00e9matiques, Premi\u00e8re Sp\u00e9cialit\u00e9 NSI, Terminale NSI, BTS SNIR 1e ann\u00e9e<ul><li>Encadrement de multiples projets :<ul><li>WebScrapping de Site de e-commerce cubains : Article dans une revue scientifique de g\u00e9ographie en \u00e9criture.<ul><li>Scrapping de donn\u00e9es<\/li><li>Gestion de la base de donn\u00e9es<\/li><li>Mod\u00e9lisation et preuve math\u00e9matiques de ph\u00e9nom\u00e8nes observ\u00e9s<\/li><\/ul><\/li><li>Algorithme de pr\u00e9diction de titularit\u00e9 pour des footballeurs en Ligue 1<\/li><li>Analyse de donn\u00e9es de l&rsquo;open data de l&rsquo;assembl\u00e9e nationale.<\/li><li>Simulation de r\u00e9seaux routiers<\/li><\/ul><\/li><\/ul><\/li><li>2021-2022 : Premi\u00e8re Sp\u00e9cialit\u00e9 Math\u00e9matiques, Premi\u00e8re Sp\u00e9cialit\u00e9 NSI, BTS SNIR 1e ann\u00e9e<\/li><\/ul>\n\n\n\n<p>(2017) Cocr\u00e9ation et enseignement de l&rsquo;UE : Mod\u00e9lisation et Simulation pour des L2 Math\u00e9matiques<\/p>\n\n\n\n<p>(2016) Cours de Probabilit\u00e9 \u00e0 la LUISS (8e business school italienne d&rsquo;apr\u00e8s business school webometrics)<\/p>\n\n\n\n<p>(2014-2016) Cours de Simulations en Probabilit\u00e9 pour les licences master MEEF  (Universit\u00e9 Paul Sabatier Toulouse)  <\/p>\n\n\n\n<p>(2014-2016) Cours d&rsquo;Analyse pour L1 et d&rsquo;Alg\u00e8bre lin\u00e9aire  pour L2<\/p>\n\n\n\n<p><\/p>\n\n\n\n<p><\/p>\n\n\n\n<h2 class=\"wp-block-heading\">Un petit passage chez les Sauveteurs en Mer (SNSM) <\/h2>\n\n\n\n<p>(2007) Premiers Secours en \u00e9quipe de niveau 1 et 2<\/p>\n\n\n\n<p>(2007) Certificat de radio-t\u00e9l\u00e9phonie restreint<\/p>\n\n\n\n<p>(2007) Permis Bateau<\/p>\n\n\n\n<p>(2008) Brevet National Secourisme et de Sauvetage Aquatique (BNSSA)<\/p>\n\n\n\n<p>(2008 &#8211; 2012) Sauveteurs qualifi\u00e9 ou Adjoint Chef de Poste<\/p>\n\n\n\n<ul><li>(2008) Fouras les bains (en Charente Maritime)<\/li><li>(2009) Arromanches (dans le Calvados)<\/li><li>(2010) Arcachon (en Gironde)<\/li><li>(2011-2012) Carnac (Morbihan)<\/li><\/ul>\n\n\n\n<p>(2011) Monitorat de Secourisme (Formateurs pour formation en PSC1, PSE1, PSE2)<\/p>\n\n\n\n<p>(2011 &#8211; 2015) Formation de Secouriste professionnels \u00e0 la SNSM (et citoyens dans le cadre de formation PSC1)<\/p>\n","protected":false},"excerpt":{"rendered":"<p>Un prof \u00e7a a fait quoi comme \u00e9tude ? (2008) BAC S Sp\u00e9cialit\u00e9 Math\u00e9matiques : Mention Bien (Europ\u00e9enne Espagnol) &#8211; Math : 14 &#8211; Physique : 18 &#8211; SVT :&#8230; <a class=\"read-more\" href=\"https:\/\/professeurgibaud.ovh\/index.php\/votre-prof\/\">[Continuer la lecture]<\/a><\/p>\n","protected":false},"author":1,"featured_media":0,"parent":0,"menu_order":11,"comment_status":"closed","ping_status":"closed","template":"","meta":{"footnotes":""},"_links":{"self":[{"href":"https:\/\/professeurgibaud.ovh\/index.php\/wp-json\/wp\/v2\/pages\/329"}],"collection":[{"href":"https:\/\/professeurgibaud.ovh\/index.php\/wp-json\/wp\/v2\/pages"}],"about":[{"href":"https:\/\/professeurgibaud.ovh\/index.php\/wp-json\/wp\/v2\/types\/page"}],"author":[{"embeddable":true,"href":"https:\/\/professeurgibaud.ovh\/index.php\/wp-json\/wp\/v2\/users\/1"}],"replies":[{"embeddable":true,"href":"https:\/\/professeurgibaud.ovh\/index.php\/wp-json\/wp\/v2\/comments?post=329"}],"version-history":[{"count":31,"href":"https:\/\/professeurgibaud.ovh\/index.php\/wp-json\/wp\/v2\/pages\/329\/revisions"}],"predecessor-version":[{"id":463,"href":"https:\/\/professeurgibaud.ovh\/index.php\/wp-json\/wp\/v2\/pages\/329\/revisions\/463"}],"wp:attachment":[{"href":"https:\/\/professeurgibaud.ovh\/index.php\/wp-json\/wp\/v2\/media?parent=329"}],"curies":[{"name":"wp","href":"https:\/\/api.w.org\/{rel}","templated":true}]}}