{"id":325,"date":"2020-12-24T13:12:11","date_gmt":"2020-12-24T12:12:11","guid":{"rendered":"http:\/\/professeurgibaud.ovh\/?page_id=325"},"modified":"2026-04-07T14:40:45","modified_gmt":"2026-04-07T12:40:45","slug":"cours-de-nsi","status":"publish","type":"page","link":"https:\/\/professeurgibaud.ovh\/index.php\/cours-de-nsi\/","title":{"rendered":"Cours de NSI"},"content":{"rendered":"\n<p><a href=\"https:\/\/drive.google.com\/file\/d\/1s0M2tyEhrSsM-p3fszwPDZ10lhfWBZdc\/view?usp=sharing\">https:\/\/drive.google.com\/open?id=1s0M2tyEhrSsM-p3fszwPDZ10lhfWBZdc&amp;usp=drive_fs<\/a><\/p>\n\n\n\n<h2 class=\"wp-block-heading has-text-align-left\">Cours de Premi\u00e8re<\/h2>\n\n\n\n<div class=\"wp-block-file\"><a id=\"wp-block-file--media-3a4b1a5d-fc8f-4756-929d-9d0b154c57ff\" href=\"https:\/\/professeurgibaud.ovh\/wp-content\/uploads\/2025\/09\/Progression-Premiere-1.xlsx\">Planning Premi\u00e8re<\/a><a href=\"https:\/\/professeurgibaud.ovh\/wp-content\/uploads\/2025\/09\/Progression-Premiere-1.xlsx\" class=\"wp-block-file__button wp-element-button\" download aria-describedby=\"wp-block-file--media-3a4b1a5d-fc8f-4756-929d-9d0b154c57ff\">T\u00e9l\u00e9charger<\/a><\/div>\n\n\n\n<ul>\n<li>Chapitre 1 : <a href=\"https:\/\/capytale2.ac-paris.fr\/web\/c\/7b71-3822788\">Affectation Boucle Si<\/a>\n<ul>\n<li><a href=\"http:\/\/professeurgibaud.ovh\/wp-content\/uploads\/2025\/10\/Affectation-Boucle-Si.pdf\" data-type=\"link\" data-id=\"http:\/\/professeurgibaud.ovh\/wp-content\/uploads\/2025\/10\/Affectation-Boucle-Si.pdf\">Le pdf<\/a><\/li>\n<\/ul>\n<\/li>\n\n\n\n<li>Chapitre 2 : <a href=\"https:\/\/capytale2.ac-paris.fr\/web\/c\/d5b3-3822796\">Les Fonctions<\/a>\n<ul>\n<li><a href=\"http:\/\/professeurgibaud.ovh\/wp-content\/uploads\/2025\/10\/Les-Fonctions.pdf\" data-type=\"link\" data-id=\"http:\/\/professeurgibaud.ovh\/wp-content\/uploads\/2025\/10\/Les-Fonctions.pdf\">Le pdf<\/a><\/li>\n<\/ul>\n<\/li>\n\n\n\n<li>Chapitre 3 : <a href=\"https:\/\/capytale2.ac-paris.fr\/web\/c\/891d-3822801\">Les Tuples et Listes<\/a>\n<ul>\n<li><a href=\"http:\/\/professeurgibaud.ovh\/wp-content\/uploads\/2025\/10\/Les-Tuples-et-les-listes.pdf\" data-type=\"link\" data-id=\"http:\/\/professeurgibaud.ovh\/wp-content\/uploads\/2025\/10\/Les-Tuples-et-les-listes.pdf\">Le pdf<\/a><\/li>\n<\/ul>\n<\/li>\n\n\n\n<li>Chapitre 4 : <a href=\"https:\/\/capytale2.ac-paris.fr\/web\/c\/164a-3823565\">Dictionnaire<\/a>\n<ul>\n<li><a href=\"http:\/\/professeurgibaud.ovh\/wp-content\/uploads\/2025\/10\/Les-Dictionnaires.pdf\" data-type=\"link\" data-id=\"http:\/\/professeurgibaud.ovh\/wp-content\/uploads\/2025\/10\/Les-Dictionnaires.pdf\">Le pdf<\/a><\/li>\n<\/ul>\n<\/li>\n\n\n\n<li>Projet : <a href=\"https:\/\/drive.google.com\/open?id=1-LgzlKTmOa8Pjcq7nXEWjjLrU6gp5zD_&amp;usp=drive_fs\" data-type=\"URL\" data-id=\"https:\/\/drive.google.com\/file\/d\/1NPkVv2Snhd_6oa-XLFWd8KLdK56vQOcV\/view?usp=sharing\" target=\"_blank\" rel=\"noreferrer noopener\">Parce que c&rsquo;est notre projet<\/a><\/li>\n\n\n\n<li>Chapitre 5 : <a href=\"https:\/\/capytale2.ac-paris.fr\/web\/c\/a393-5304296\">Tableaux<\/a>\n<ul>\n<li><a href=\"http:\/\/professeurgibaud.ovh\/wp-content\/uploads\/2025\/10\/Les-Tableaux.pdf\" data-type=\"link\" data-id=\"http:\/\/professeurgibaud.ovh\/wp-content\/uploads\/2025\/10\/Les-Tableaux.pdf\">Le pdf<\/a><\/li>\n<\/ul>\n<\/li>\n\n\n\n<li>Chapitre 6 : <a href=\"https:\/\/capytale2.ac-paris.fr\/web\/c\/6a14-5304462\" data-type=\"link\" data-id=\"https:\/\/capytale2.ac-paris.fr\/web\/c\/6a14-5304462\">Compr\u00e9hension<\/a>\n<ul>\n<li><a href=\"http:\/\/professeurgibaud.ovh\/wp-content\/uploads\/2025\/10\/Comprehension.pdf\" data-type=\"link\" data-id=\"http:\/\/professeurgibaud.ovh\/wp-content\/uploads\/2025\/10\/Comprehension.pdf\">Le pdf<\/a><\/li>\n<\/ul>\n<\/li>\n\n\n\n<li>Chapitre 7 : <a href=\"https:\/\/capytale2.ac-paris.fr\/p\/basthon\/n\/?kernel=python3-legacy&amp;mode=create&amp;id=3821617&amp;extensions=linenumbers\" data-type=\"link\" data-id=\"https:\/\/capytale2.ac-paris.fr\/web\/c\/f5af-5304954\">Classe c&rsquo;est la classe<\/a>\n<ul>\n<li><a href=\"http:\/\/professeurgibaud.ovh\/wp-content\/uploads\/2026\/03\/Classe.pdf\" data-type=\"link\" data-id=\"http:\/\/professeurgibaud.ovh\/wp-content\/uploads\/2026\/03\/Classe.pdf\">Le pdf<\/a><\/li>\n<\/ul>\n<\/li>\n\n\n\n<li>Chapitre 8 : <a href=\"https:\/\/capytale2.ac-paris.fr\/web\/c\/2e8f-5304529\" data-type=\"link\" data-id=\"https:\/\/capytale2.ac-paris.fr\/web\/c\/2e8f-5304529\">Algorithme du Minimum et Recherche<\/a>\n<ul>\n<li><a href=\"http:\/\/professeurgibaud.ovh\/wp-content\/uploads\/2026\/03\/Premiers-Algorithmes.pdf\" data-type=\"link\" data-id=\"http:\/\/professeurgibaud.ovh\/wp-content\/uploads\/2026\/03\/Premiers-Algorithmes.pdf\">Le pdf<\/a><\/li>\n<\/ul>\n<\/li>\n\n\n\n<li>Chapitre 9 : <a href=\"https:\/\/capytale2.ac-paris.fr\/web\/c\/bcbb-3468333\" data-type=\"link\" data-id=\"https:\/\/capytale2.ac-paris.fr\/web\/c\/bcbb-3468333\">A table les enfants<\/a>\n<ul>\n<li><a href=\"http:\/\/professeurgibaud.ovh\/wp-content\/uploads\/2026\/03\/Tables.pdf\" data-type=\"link\" data-id=\"http:\/\/professeurgibaud.ovh\/wp-content\/uploads\/2026\/03\/Tables.pdf\">Le pdf<\/a><\/li>\n<\/ul>\n<\/li>\n\n\n\n<li>Chapitre 10 : <a href=\"https:\/\/capytale2.ac-paris.fr\/web\/c\/4c99-5797786\" data-type=\"link\" data-id=\"https:\/\/capytale2.ac-paris.fr\/web\/c\/2e8f-5304529\">Algorithmes de Tri et autres<\/a>\n<ul>\n<li><a href=\"http:\/\/professeurgibaud.ovh\/wp-content\/uploads\/2026\/03\/Tri-et-plus-si-affinite.pdf\" data-type=\"link\" data-id=\"http:\/\/professeurgibaud.ovh\/wp-content\/uploads\/2026\/03\/Tri-et-plus-si-affinite.pdf\">Le pdf<\/a><\/li>\n<\/ul>\n<\/li>\n\n\n\n<li>Chapitre 11 : <a href=\"https:\/\/capytale2.ac-paris.fr\/web\/c\/e5ab-5798133\" data-type=\"link\" data-id=\"https:\/\/capytale2.ac-paris.fr\/web\/c\/e5ab-5798133\" target=\"_blank\" rel=\"noreferrer noopener\">Algorithmes Gloutons<\/a>\n<ul>\n<li><a href=\"http:\/\/professeurgibaud.ovh\/wp-content\/uploads\/2026\/03\/Algo-Glouton.pdf\" data-type=\"link\" data-id=\"http:\/\/professeurgibaud.ovh\/wp-content\/uploads\/2026\/03\/Algo-Glouton.pdf\">Le pdf<\/a><\/li>\n<\/ul>\n<\/li>\n\n\n\n<li>Chapitre 12 : <a href=\"https:\/\/drive.google.com\/file\/d\/1b29cKqduAPdbAXOgl8i7AFQ2nDV4xuCh\/view?usp=sharing\" data-type=\"URL\" target=\"_blank\" rel=\"noreferrer noopener\">Machine Learning<\/a><\/li>\n<\/ul>\n\n\n\n<h2 class=\"wp-block-heading\">Cours de Terminale<\/h2>\n\n\n\n<div class=\"wp-block-file\"><a id=\"wp-block-file--media-05c270dd-597f-4fa8-838c-2738699e7220\" href=\"https:\/\/professeurgibaud.ovh\/wp-content\/uploads\/2026\/01\/TNSINF1_df-2.xlsx\">Planning de l&rsquo;ann\u00e9e<\/a><a href=\"https:\/\/professeurgibaud.ovh\/wp-content\/uploads\/2026\/01\/TNSINF1_df-2.xlsx\" class=\"wp-block-file__button wp-element-button\" download aria-describedby=\"wp-block-file--media-05c270dd-597f-4fa8-838c-2738699e7220\">T\u00e9l\u00e9charger<\/a><\/div>\n\n\n\n<ul>\n<li>Chapitre 0 : <a href=\"https:\/\/capytale2.ac-paris.fr\/p\/basthon\/n\/?kernel=python3-legacy&amp;mode=create&amp;id=3821617&amp;extensions=linenumbers\" data-type=\"URL\" data-id=\"https:\/\/drive.google.com\/file\/d\/1wkkA6eDTUceKJflmLBnaAI_doF97EC1y\/view?usp=sharing\" target=\"_blank\" rel=\"noreferrer noopener\">Programmation Orient\u00e9e Objet<\/a>\n<ul>\n<li><a href=\"https:\/\/capytale2.ac-paris.fr\/web\/c\/56a3-3821617\">lien capytale<\/a><\/li>\n\n\n\n<li>Sujet du 19 Juin 2024 M\u00e9tropole 1 : Exercice 3 Partie A et B<\/li>\n\n\n\n<li>Sujet Asie 2 de 2024 : Exercice 2 Partie A <\/li>\n<\/ul>\n<\/li>\n\n\n\n<li>Chapitre 1 : <a href=\"https:\/\/drive.google.com\/file\/d\/1BvgyXqDLtVIXhJXlb4l3byrEVE7yvU7l\/view?usp=sharing\" data-type=\"URL\" data-id=\"https:\/\/drive.google.com\/file\/d\/1BvgyXqDLtVIXhJXlb4l3byrEVE7yvU7l\/view?usp=sharing\" target=\"_blank\" rel=\"noreferrer noopener\">Rappel s<\/a><a href=\"https:\/\/capytale2.ac-paris.fr\/web\/c\/b612-3872506\" data-type=\"URL\" data-id=\"https:\/\/drive.google.com\/file\/d\/1BvgyXqDLtVIXhJXlb4l3byrEVE7yvU7l\/view?usp=sharing\">ur les algorithmes<\/a>\n<ul>\n<li><a href=\"https:\/\/cdn.ece-bac.fr\/sujets\/2025\/NSI\/02\/25-NSI-2.pdf\">https:\/\/cdn.ece-bac.fr\/sujets\/2025\/NSI\/02\/25-NSI-2.pdf<\/a><\/li>\n\n\n\n<li><a href=\"https:\/\/cdn.ece-bac.fr\/sujets\/2025\/NSI\/09\/25-NSI-9.pdf\">https:\/\/cdn.ece-bac.fr\/sujets\/2025\/NSI\/09\/25-NSI-9.pdf<\/a><\/li>\n<\/ul>\n<\/li>\n\n\n\n<li>Chapitre 2 : <a href=\"https:\/\/capytale2.ac-paris.fr\/web\/c\/2743-3872514\" data-type=\"URL\" data-id=\"https:\/\/drive.google.com\/file\/d\/1MMm5gPfaXtPA95B6WfmcQsK4lUxFCO0z\/view?usp=sharing\" target=\"_blank\" rel=\"noreferrer noopener\">Piles et Files<\/a><\/li>\n\n\n\n<li>Chapitre 3 : <a href=\"https:\/\/capytale2.ac-paris.fr\/web\/c\/e67f-3872540\" data-type=\"URL\" data-id=\"https:\/\/drive.google.com\/file\/d\/1EdOj1lZpE7btbX-W_arB_-t1M-G59-oS\/view?usp=sharing\" target=\"_blank\" rel=\"noreferrer noopener\">Interfaces et Impl\u00e9mentations<\/a><\/li>\n\n\n\n<li>Chapitre 4 : <a href=\"https:\/\/capytale2.ac-paris.fr\/web\/c\/4df9-3872659\" data-type=\"link\" data-id=\"https:\/\/capytale2.ac-paris.fr\/web\/c\/4df9-3872659\" target=\"_blank\" rel=\"noreferrer noopener\">R\u00e9cursivit\u00e9<\/a><\/li>\n\n\n\n<li>Chapitre 5 : <a href=\"https:\/\/capytale2.ac-paris.fr\/web\/c\/27a8-6956874\" data-type=\"URL\" data-id=\"https:\/\/drive.google.com\/file\/d\/1oPSj88YbXdh3z7exgDKTv_D2Ss_QPXT_\/view?usp=sharing\" target=\"_blank\" rel=\"noreferrer noopener\">Arbres<\/a><\/li>\n\n\n\n<li>Chapitre 5bis : <a href=\"https:\/\/capytale2.ac-paris.fr\/web\/c\/4b59-6956875\" data-type=\"URL\" data-id=\"https:\/\/drive.google.com\/file\/d\/1oPSj88YbXdh3z7exgDKTv_D2Ss_QPXT_\/view?usp=sharing\" target=\"_blank\" rel=\"noreferrer noopener\">Arbres binaire de recherche<\/a><\/li>\n\n\n\n<li>Chapitre 6 : <a href=\"http:\/\/professeurgibaud.ovh\/wp-content\/uploads\/2025\/08\/Modularite-1.pdf\" target=\"_blank\" rel=\"noreferrer noopener\">Modularit\u00e9<\/a><\/li>\n\n\n\n<li>Chapitre 7 : <a href=\"https:\/\/capytale2.ac-paris.fr\/web\/c\/345e-6956876\" target=\"_blank\" rel=\"noreferrer noopener\">Paradigmes de Programmation<\/a><\/li>\n\n\n\n<li>Chapitre 8 : <a href=\"https:\/\/capytale2.ac-paris.fr\/web\/c\/f79b-6956877\" data-type=\"URL\" data-id=\"https:\/\/drive.google.com\/file\/d\/1Vz8HVwX2gzWlD2ofKMLSNmPP1ThEtFOT\/view?usp=share_link\">Algorithme de Tri Fusion<\/a><\/li>\n\n\n\n<li>Chapitre 9 : <a href=\"http:\/\/professeurgibaud.ovh\/wp-content\/uploads\/2025\/08\/Gibaud-2021-Graphes.pdf\" target=\"_blank\" rel=\"noreferrer noopener\">Graphes<\/a><\/li>\n\n\n\n<li>Chapitre 10 : <a href=\"https:\/\/capytale2.ac-paris.fr\/web\/c\/a8e9-3354755\" data-type=\"link\" data-id=\"https:\/\/capytale2.ac-paris.fr\/web\/c\/a8e9-3354755\">Introduction \u00e0 la programmation dynamique<\/a> (<a href=\"https:\/\/capytale2.ac-paris.fr\/web\/c\/a5e4-3536529\" data-type=\"link\" data-id=\"https:\/\/capytale2.ac-paris.fr\/web\/c\/a5e4-3536529\">Correction<\/a>)<\/li>\n<\/ul>\n\n\n\n<p>Sujet de BAC :  <\/p>\n\n\n\n<ul>\n<li><a href=\"https:\/\/cdn.ece-bac.fr\/sujets\/2024\/NSI\/01\/24_NSI_01.pdf\">https:\/\/cdn.ece-bac.fr\/sujets\/2024\/NSI\/01\/24_NSI_01.pdf<\/a><\/li>\n\n\n\n<li><a href=\"https:\/\/cdn.ece-bac.fr\/sujets\/2024\/NSI\/16\/24_NSI_16.pdf\">https:\/\/cdn.ece-bac.fr\/sujets\/2024\/NSI\/16\/24_NSI_16.pdf<\/a><\/li>\n\n\n\n<li><a href=\"https:\/\/cdn.ece-bac.fr\/sujets\/2024\/NSI\/26\/24_NSI_26.pdf\">https:\/\/cdn.ece-bac.fr\/sujets\/2024\/NSI\/26\/24_NSI_26.pdf<\/a><\/li>\n\n\n\n<li><a href=\"https:\/\/cdn.ece-bac.fr\/sujets\/2024\/NSI\/42\/24_NSI_42.pdf\">https:\/\/cdn.ece-bac.fr\/sujets\/2024\/NSI\/42\/24_NSI_42.pdf<\/a><\/li>\n\n\n\n<li><a href=\"https:\/\/cdn.ece-bac.fr\/sujets\/2024\/NSI\/29\/24_NSI_29.pdf\">https:\/\/cdn.ece-bac.fr\/sujets\/2024\/NSI\/29\/24_NSI_29.pdf<\/a><\/li>\n\n\n\n<li><a href=\"https:\/\/cdn.ece-bac.fr\/sujets\/2024\/NSI\/47\/24_NSI_47.pdf\">https:\/\/cdn.ece-bac.fr\/sujets\/2024\/NSI\/47\/24_NSI_47.pdf<\/a><\/li>\n\n\n\n<li>Pour le Contr\u00f4le <\/li>\n\n\n\n<li><a href=\"https:\/\/ecebac.fr\/sujet\/3039\">https:\/\/ecebac.fr\/sujet\/3039<\/a><\/li>\n\n\n\n<li><a href=\"https:\/\/ecebac.fr\/sujet\/3033\">https:\/\/ecebac.fr\/sujet\/3033<\/a><\/li>\n\n\n\n<li><a href=\"https:\/\/ecebac.fr\/sujet\/3044\">https:\/\/ecebac.fr\/sujet\/3044<\/a><\/li>\n<\/ul>\n\n\n\n<p><\/p>\n\n\n\n<h1 class=\"wp-block-heading\">Archive<\/h1>\n\n\n\n<ul>\n<li>Annale 1 : <a href=\"http:\/\/professeurgibaud.ovh\/wp-content\/uploads\/2022\/03\/22-NSI-15-1.pdf\" target=\"_blank\" rel=\"noreferrer noopener\">http:\/\/professeurgibaud.ovh\/wp-content\/uploads\/2022\/03\/22-NSI-15-1.pdf<\/a><\/li>\n\n\n\n<li>Annale 2 : <a rel=\"noreferrer noopener\" href=\"http:\/\/professeurgibaud.ovh\/wp-content\/uploads\/2022\/03\/22-NSI-17.pdf\" target=\"_blank\">http:\/\/professeurgibaud.ovh\/wp-content\/uploads\/2022\/03\/22-NSI-17.pdf<\/a><\/li>\n\n\n\n<li>Annale 3 : <a href=\"http:\/\/professeurgibaud.ovh\/wp-content\/uploads\/2022\/03\/22-NSI-17.pdf\" target=\"_blank\" rel=\"noreferrer noopener\">http:\/\/professeurgibaud.ovh\/wp-content\/uploads\/2022\/03\/22-NSI-16.pdf<\/a><\/li>\n<\/ul>\n\n\n\n<p><strong>Cours de Premi\u00e8re<\/strong><\/p>\n\n\n\n<ul>\n<li>Chapitre 1 : <a href=\"http:\/\/professeurgibaud.ovh\/wp-content\/uploads\/2021\/11\/AlgoProgrammation1.pdf\">Algorithme Programmation Partie 1<\/a><\/li>\n\n\n\n<li>Chapitre 2 : <a href=\"http:\/\/professeurgibaud.ovh\/wp-content\/uploads\/2021\/11\/AlgoProgrammation2.pdf\">Algorithme et Programmation Partie 2<\/a><\/li>\n\n\n\n<li>Chapitre 3 : <a href=\"http:\/\/professeurgibaud.ovh\/wp-content\/uploads\/2021\/11\/Types.pdf\">Types Construits<\/a><\/li>\n\n\n\n<li>Chapitre 4 : <a href=\"https:\/\/capytale2.ac-paris.fr\/web\/c-auth\/list?returnto=\/web\/code\/d461-142203\">Tableaux et compr\u00e9hension<\/a><\/li>\n\n\n\n<li>Chapitre 5 : <a href=\"http:\/\/professeurgibaud.ovh\/wp-content\/uploads\/2022\/01\/Notation-Projet.pdf\" data-type=\"URL\" data-id=\"http:\/\/professeurgibaud.ovh\/wp-content\/uploads\/2022\/01\/Notation-Projet.pdf\">Parce que c&rsquo;est notre projet !<\/a><\/li>\n\n\n\n<li>Chapitre 6 : <a href=\"https:\/\/capytale2.ac-paris.fr\/web\/c\/e716-299800\" data-type=\"URL\" data-id=\"https:\/\/capytale2.ac-paris.fr\/web\/c\/e716-299800\">Class c&rsquo;est la classe<\/a><\/li>\n\n\n\n<li>Chapitre 7 : <a href=\"https:\/\/capytale2.ac-paris.fr\/web\/c\/1e26-297518\">\u00c0 Tables les enfants<\/a><\/li>\n<\/ul>\n\n\n\n<p><strong>Travaux pratiques de Premi\u00e8re<\/strong><\/p>\n\n\n\n<ol>\n<li>Exercices d&rsquo;introduction : <a href=\"https:\/\/github.com\/ProfesseurGibaud\/NSI-TP\/tree\/master\/TP%201e%20Introduction\">Exo d&rsquo;introduction<\/a><\/li>\n\n\n\n<li>Webscrapping : <a href=\"http:\/\/professeurgibaud.ovh\/wp-content\/uploads\/2021\/11\/WebScrapping.pdf\">WebScrapping<\/a><\/li>\n\n\n\n<li>Sudoku : <a href=\"https:\/\/capytale2.ac-paris.fr\/web\/c-auth\/list?returnto=\/web\/code\/c7d8-142195\">Tp sur le sudoku<\/a><\/li>\n\n\n\n<li>Algorithmes Glouton (merci \u00e0 zabban eric pasqua) : <a href=\"https:\/\/capytale2.ac-paris.fr\/web\/c\/ddfe-479781\">Algorithme Glouton<\/a><\/li>\n<\/ol>\n\n\n\n<p><strong>Cours de Terminale<\/strong><\/p>\n\n\n\n<ol>\n<li>Chapitre 0 : <a href=\"http:\/\/professeurgibaud.ovh\/wp-content\/uploads\/2021\/11\/ProgrammationObjet.pdf\">Programmation Orient\u00e9e Objet<\/a><\/li>\n\n\n\n<li>Chapitre 1 : <a href=\"http:\/\/professeurgibaud.ovh\/wp-content\/uploads\/2021\/10\/Pile-et-File.pdf\">Piles-et-Files<\/a><\/li>\n\n\n\n<li>Chapitre 2 : <a href=\"http:\/\/professeurgibaud.ovh\/wp-content\/uploads\/2021\/11\/Recursivite.pdf\">R\u00e9cursivit\u00e9<\/a><\/li>\n\n\n\n<li>Chapitre 3 : <a href=\"http:\/\/professeurgibaud.ovh\/wp-content\/uploads\/2021\/11\/Modularite.pdf\">Modularit\u00e9<\/a><\/li>\n\n\n\n<li>Chapitre 4 : <a href=\"http:\/\/professeurgibaud.ovh\/wp-content\/uploads\/2021\/11\/Interface-et-Implementation.pdf\">Interface et Impl\u00e9mentation<\/a><\/li>\n\n\n\n<li>Chapitre 5 : <a href=\"https:\/\/capytale2.ac-paris.fr\/basthon\/notebook\/?id=316411\">Arbres<\/a><\/li>\n\n\n\n<li>Chapitre 6 : <a href=\"https:\/\/capytale2.ac-paris.fr\/web\/c-auth\/list?returnto=\/web\/code\/5d96-214832\">Paradigmes de programmation<\/a><\/li>\n\n\n\n<li>Chapitre 7 : <a href=\"https:\/\/capytale2.ac-paris.fr\/web\/c-auth\/list?returnto=\/web\/code\/e716-299800\">Le retour des classes<\/a><\/li>\n\n\n\n<li>Chapitre 8 : <a href=\"http:\/\/professeurgibaud.ovh\/wp-content\/uploads\/2021\/11\/Graphe.pdf\">Graphes<\/a><\/li>\n<\/ol>\n\n\n\n<p>TP de Terminale<\/p>\n\n\n\n<ul>\n<li>TP R\u00e9cursivit\u00e9 : <a href=\"http:\/\/professeurgibaud.ovh\/wp-content\/uploads\/2021\/11\/TP_TD-Recursivite.pdf\">R\u00e9cursivit\u00e9<\/a><\/li>\n\n\n\n<li>TP Arbre : <a href=\"https:\/\/capytale2.ac-paris.fr\/web\/c-auth\/list?returnto=\/web\/code\/3f27-141646\">Arbres<\/a><\/li>\n\n\n\n<li>TP Arbre binaire de recherche : <a href=\"https:\/\/capytale2.ac-paris.fr\/web\/c-auth\/list?returnto=\/web\/code\/a2f4-219335\">ABR<\/a><\/li>\n\n\n\n<li><\/li>\n<\/ul>\n\n\n\n<p><\/p>\n","protected":false},"excerpt":{"rendered":"<p>https:\/\/drive.google.com\/open?id=1s0M2tyEhrSsM-p3fszwPDZ10lhfWBZdc&amp;usp=drive_fs Cours de Premi\u00e8re Cours de Terminale Sujet de BAC : Archive Cours de Premi\u00e8re Travaux pratiques de Premi\u00e8re Cours de Terminale TP de Terminale<\/p>\n","protected":false},"author":1,"featured_media":0,"parent":0,"menu_order":3,"comment_status":"closed","ping_status":"closed","template":"","meta":{"footnotes":""},"_links":{"self":[{"href":"https:\/\/professeurgibaud.ovh\/index.php\/wp-json\/wp\/v2\/pages\/325"}],"collection":[{"href":"https:\/\/professeurgibaud.ovh\/index.php\/wp-json\/wp\/v2\/pages"}],"about":[{"href":"https:\/\/professeurgibaud.ovh\/index.php\/wp-json\/wp\/v2\/types\/page"}],"author":[{"embeddable":true,"href":"https:\/\/professeurgibaud.ovh\/index.php\/wp-json\/wp\/v2\/users\/1"}],"replies":[{"embeddable":true,"href":"https:\/\/professeurgibaud.ovh\/index.php\/wp-json\/wp\/v2\/comments?post=325"}],"version-history":[{"count":98,"href":"https:\/\/professeurgibaud.ovh\/index.php\/wp-json\/wp\/v2\/pages\/325\/revisions"}],"predecessor-version":[{"id":798,"href":"https:\/\/professeurgibaud.ovh\/index.php\/wp-json\/wp\/v2\/pages\/325\/revisions\/798"}],"wp:attachment":[{"href":"https:\/\/professeurgibaud.ovh\/index.php\/wp-json\/wp\/v2\/media?parent=325"}],"curies":[{"name":"wp","href":"https:\/\/api.w.org\/{rel}","templated":true}]}}