{"id":173,"date":"2018-10-04T23:58:34","date_gmt":"2018-10-04T21:58:34","guid":{"rendered":"http:\/\/professeurgibaud.ovh\/?page_id=173"},"modified":"2020-12-24T13:24:07","modified_gmt":"2020-12-24T12:24:07","slug":"programme-algorithme","status":"publish","type":"page","link":"https:\/\/professeurgibaud.ovh\/index.php\/votre-prof\/programme-algorithme\/","title":{"rendered":"Programmation GitHub"},"content":{"rendered":"\n<p>Vous trouverez sur mon GitHub : <a href=\"https:\/\/github.com\/ProfesseurGibaud\" data-type=\"URL\" data-id=\"https:\/\/github.com\/ProfesseurGibaud\">ProfesseurGibaud<\/a><\/p>\n\n\n\n<p>Vous trouverez comme programme (finis ou en cours) : <\/p>\n\n\n\n<ul><li>D\u00e9tection Image (Programme pas encore commenc\u00e9)<\/li><li>Base de donn\u00e9es (Un petit programme pour cr\u00e9er et g\u00e9rer une base de donn\u00e9es)<\/li><li>Assembl\u00e9e (Un programme qui analyse les donn\u00e9es (ouvertes) de l&rsquo;assembl\u00e9e nationale)<\/li><li>Traitement Donn\u00e9es G\u00e9ographiques (Programme qui fait des nuages de mots et calcule des moyennes\/Variances \u00e0 partir d&rsquo;un questionnaire pos\u00e9 \u00e0 des \u00e9l\u00e8ves de secondes par une professeure de g\u00e9ographie)<\/li><li>TestSite (Projet d&rsquo;apprentissage Django : en cours)<\/li><li>Application Prof (Programme qui recense plusieurs application pour les profs)<ul><li>App Rapport (Application avec Interface Graphique qui permet de faire des plans de classe et de g\u00e9n\u00e9rer des rapports rapidement)<\/li><li>Cahier de Texte (Une application qui permet de remplir le cahier de texte sur professeurgibaud.ovh)<\/li><li>Compilateur de Cours (Une application qui va fusionner des petits bouts de cours d&rsquo;une base de donn\u00e9es pour faire un plus gros cours)<\/li><li>G\u00e9n\u00e9rateur d&rsquo;Exercice (Une application qui permet de g\u00e9n\u00e9rer une feuille d&rsquo;exercice de calcul (avec potentiellement les corrections)<ul><li>D\u00e9veloppements<\/li><li>Equations<\/li><li>In\u00e9quations<\/li><li>Tableaux de Variations<\/li><li>Mise sous le m\u00eame d\u00e9nominateur<\/li><\/ul><\/li><li>MIFApp : Une application d&rsquo;Activit\u00e9 Mentale (En cours)<\/li><li>SuiviApp : Une application de suivi d&rsquo;\u00e9l\u00e8ve (en utilisant les questionnaires)<\/li><\/ul><\/li><li>Application Direction (Application pour faire les effectifs de Classe (algo du recuit simul\u00e9 pour chercher le minimum d&rsquo;energie d&rsquo;une configuration de classe)<\/li><li>TranspDoor (d\u00e9but d&rsquo;application pour faire des liens entre les donn\u00e9es de la HAVP et Twitter)<\/li><li>La MIFA : Une application d&rsquo;Activit\u00e9 Mentale (En cours)<\/li><\/ul>\n\n\n\n<p><\/p>\n","protected":false},"excerpt":{"rendered":"<p>Vous trouverez sur mon GitHub : ProfesseurGibaud Vous trouverez comme programme (finis ou en cours) : D\u00e9tection Image (Programme pas encore commenc\u00e9) Base de donn\u00e9es (Un petit programme pour cr\u00e9er&#8230; <a class=\"read-more\" href=\"https:\/\/professeurgibaud.ovh\/index.php\/votre-prof\/programme-algorithme\/\">[Continuer la lecture]<\/a><\/p>\n","protected":false},"author":1,"featured_media":0,"parent":329,"menu_order":9,"comment_status":"closed","ping_status":"closed","template":"","meta":{"footnotes":""},"_links":{"self":[{"href":"https:\/\/professeurgibaud.ovh\/index.php\/wp-json\/wp\/v2\/pages\/173"}],"collection":[{"href":"https:\/\/professeurgibaud.ovh\/index.php\/wp-json\/wp\/v2\/pages"}],"about":[{"href":"https:\/\/professeurgibaud.ovh\/index.php\/wp-json\/wp\/v2\/types\/page"}],"author":[{"embeddable":true,"href":"https:\/\/professeurgibaud.ovh\/index.php\/wp-json\/wp\/v2\/users\/1"}],"replies":[{"embeddable":true,"href":"https:\/\/professeurgibaud.ovh\/index.php\/wp-json\/wp\/v2\/comments?post=173"}],"version-history":[{"count":6,"href":"https:\/\/professeurgibaud.ovh\/index.php\/wp-json\/wp\/v2\/pages\/173\/revisions"}],"predecessor-version":[{"id":318,"href":"https:\/\/professeurgibaud.ovh\/index.php\/wp-json\/wp\/v2\/pages\/173\/revisions\/318"}],"up":[{"embeddable":true,"href":"https:\/\/professeurgibaud.ovh\/index.php\/wp-json\/wp\/v2\/pages\/329"}],"wp:attachment":[{"href":"https:\/\/professeurgibaud.ovh\/index.php\/wp-json\/wp\/v2\/media?parent=173"}],"curies":[{"name":"wp","href":"https:\/\/api.w.org\/{rel}","templated":true}]}}